{"id":363,"date":"2025-08-07T10:47:51","date_gmt":"2025-08-07T08:47:51","guid":{"rendered":"https:\/\/www.alte-muehle-soelden.com\/rooms-and-apartments\/"},"modified":"2026-01-16T22:21:55","modified_gmt":"2026-01-16T21:21:55","slug":"accomodation","status":"publish","type":"page","link":"https:\/\/www.alte-muehle-soelden.com\/en\/accomodation\/","title":{"rendered":"Accommodation"},"content":{"rendered":"","protected":false},"excerpt":{"rendered":"","protected":false},"author":2,"featured_media":639,"parent":0,"menu_order":30,"comment_status":"closed","ping_status":"closed","template":"","meta":{"footnotes":""},"class_list":["post-363","page","type-page","status-publish","has-post-thumbnail","hentry"],"yoast_head":"<!-- This site is optimized with the Yoast SEO Premium plugin v27.1 (Yoast SEO v27.4) - https:\/\/yoast.com\/product\/yoast-seo-premium-wordpress\/ -->\n<title>Accommodation in S\u00f6lden | Pension &quot;Zur alten M\u00fchle&quot;<\/title>\n<meta name=\"description\" content=\"Accommodation in S\u00f6lden: Rooms with breakfast and apartments with a kitchen in the Pension &quot;Zur alten M\u00fchle&quot;. An overview of all categories.\" \/>\n<meta name=\"robots\" content=\"index, follow, max-snippet:-1, max-image-preview:large, max-video-preview:-1\" \/>\n<link rel=\"canonical\" href=\"https:\/\/www.alte-muehle-soelden.com\/en\/accomodation\/\" \/>\n<meta property=\"og:locale\" content=\"en_US\" \/>\n<meta property=\"og:type\" content=\"article\" \/>\n<meta property=\"og:title\" content=\"Accommodation\" \/>\n<meta property=\"og:description\" content=\"Accommodation in S\u00f6lden: Rooms with breakfast and apartments with a kitchen in the Pension &quot;Zur alten M\u00fchle&quot;. An overview of all categories.\" \/>\n<meta property=\"og:url\" content=\"https:\/\/www.alte-muehle-soelden.com\/en\/accomodation\/\" \/>\n<meta property=\"og:site_name\" content=\"Pension &quot;Zur alten M\u00fchle&quot; ***\" \/>\n<meta property=\"article:publisher\" content=\"https:\/\/www.facebook.com\/altemuehlesoelden\" \/>\n<meta property=\"article:modified_time\" content=\"2026-01-16T21:21:55+00:00\" \/>\n<meta property=\"og:image\" content=\"https:\/\/www.alte-muehle-soelden.com\/wp-content\/uploads\/Zimmer-6.jpg\" \/>\n\t<meta property=\"og:image:width\" content=\"2000\" \/>\n\t<meta property=\"og:image:height\" content=\"1125\" \/>\n\t<meta property=\"og:image:type\" content=\"image\/jpeg\" \/>\n<meta name=\"twitter:card\" content=\"summary_large_image\" \/>\n<script type=\"application\/ld+json\" class=\"yoast-schema-graph\">{\"@context\":\"https:\\\/\\\/schema.org\",\"@graph\":[{\"@type\":\"WebPage\",\"@id\":\"https:\\\/\\\/www.alte-muehle-soelden.com\\\/en\\\/accomodation\\\/\",\"url\":\"https:\\\/\\\/www.alte-muehle-soelden.com\\\/en\\\/accomodation\\\/\",\"name\":\"Accommodation in S\u00f6lden | Pension \\\"Zur alten M\u00fchle\\\"\",\"isPartOf\":{\"@id\":\"https:\\\/\\\/www.alte-muehle-soelden.com\\\/en\\\/#website\"},\"primaryImageOfPage\":{\"@id\":\"https:\\\/\\\/www.alte-muehle-soelden.com\\\/en\\\/accomodation\\\/#primaryimage\"},\"image\":{\"@id\":\"https:\\\/\\\/www.alte-muehle-soelden.com\\\/en\\\/accomodation\\\/#primaryimage\"},\"thumbnailUrl\":\"https:\\\/\\\/www.alte-muehle-soelden.com\\\/wp-content\\\/uploads\\\/Zimmer-6.jpg\",\"datePublished\":\"2025-08-07T08:47:51+00:00\",\"dateModified\":\"2026-01-16T21:21:55+00:00\",\"description\":\"Accommodation in S\u00f6lden: Rooms with breakfast and apartments with a kitchen in the Pension \\\"Zur alten M\u00fchle\\\". An overview of all categories.\",\"breadcrumb\":{\"@id\":\"https:\\\/\\\/www.alte-muehle-soelden.com\\\/en\\\/accomodation\\\/#breadcrumb\"},\"inLanguage\":\"en-US\",\"potentialAction\":[{\"@type\":\"ReadAction\",\"target\":[\"https:\\\/\\\/www.alte-muehle-soelden.com\\\/en\\\/accomodation\\\/\"]}]},{\"@type\":\"ImageObject\",\"inLanguage\":\"en-US\",\"@id\":\"https:\\\/\\\/www.alte-muehle-soelden.com\\\/en\\\/accomodation\\\/#primaryimage\",\"url\":\"https:\\\/\\\/www.alte-muehle-soelden.com\\\/wp-content\\\/uploads\\\/Zimmer-6.jpg\",\"contentUrl\":\"https:\\\/\\\/www.alte-muehle-soelden.com\\\/wp-content\\\/uploads\\\/Zimmer-6.jpg\",\"width\":2000,\"height\":1125,\"caption\":\"Double Room\"},{\"@type\":\"BreadcrumbList\",\"@id\":\"https:\\\/\\\/www.alte-muehle-soelden.com\\\/en\\\/accomodation\\\/#breadcrumb\",\"itemListElement\":[{\"@type\":\"ListItem\",\"position\":1,\"name\":\"Home\",\"item\":\"https:\\\/\\\/www.alte-muehle-soelden.com\\\/en\\\/\"},{\"@type\":\"ListItem\",\"position\":2,\"name\":\"Accommodation\"}]},{\"@type\":\"WebSite\",\"@id\":\"https:\\\/\\\/www.alte-muehle-soelden.com\\\/en\\\/#website\",\"url\":\"https:\\\/\\\/www.alte-muehle-soelden.com\\\/en\\\/\",\"name\":\"Pension \\\"Zur alten M\u00fchle\\\" ***\",\"description\":\"Nicht Zuhaus&#039; und doch Daheim...\",\"publisher\":{\"@id\":\"https:\\\/\\\/www.alte-muehle-soelden.com\\\/en\\\/#organization\"},\"potentialAction\":[{\"@type\":\"SearchAction\",\"target\":{\"@type\":\"EntryPoint\",\"urlTemplate\":\"https:\\\/\\\/www.alte-muehle-soelden.com\\\/en\\\/?s={search_term_string}\"},\"query-input\":{\"@type\":\"PropertyValueSpecification\",\"valueRequired\":true,\"valueName\":\"search_term_string\"}}],\"inLanguage\":\"en-US\"},{\"@type\":\"Organization\",\"@id\":\"https:\\\/\\\/www.alte-muehle-soelden.com\\\/en\\\/#organization\",\"name\":\"Pension \\\"Zur alten M\u00fchle\\\"\",\"url\":\"https:\\\/\\\/www.alte-muehle-soelden.com\\\/en\\\/\",\"logo\":{\"@type\":\"ImageObject\",\"inLanguage\":\"en-US\",\"@id\":\"https:\\\/\\\/www.alte-muehle-soelden.com\\\/en\\\/#\\\/schema\\\/logo\\\/image\\\/\",\"url\":\"https:\\\/\\\/www.alte-muehle-soelden.com\\\/wp-content\\\/uploads\\\/2025\\\/08\\\/Logo-transparent-1.png\",\"contentUrl\":\"https:\\\/\\\/www.alte-muehle-soelden.com\\\/wp-content\\\/uploads\\\/2025\\\/08\\\/Logo-transparent-1.png\",\"width\":675,\"height\":675,\"caption\":\"Pension \\\"Zur alten M\u00fchle\\\"\"},\"image\":{\"@id\":\"https:\\\/\\\/www.alte-muehle-soelden.com\\\/en\\\/#\\\/schema\\\/logo\\\/image\\\/\"},\"sameAs\":[\"https:\\\/\\\/www.facebook.com\\\/altemuehlesoelden\",\"https:\\\/\\\/www.instagram.com\\\/altemuehlesoelden\\\/\"],\"description\":\"Die Pension \\\"Zur alten M\u00fchle\\\" ist eine Unterkunft in S\u00f6lden und bietet Zimmer mit Fr\u00fchst\u00fcck sowie Appartements mit K\u00fcche. Die Pension verf\u00fcgt \u00fcber eine Sauna und eine Hausbar und liegt ruhig am Ortsbeginn von S\u00f6lden, mit Skibus und Linienbus direkt vor dem Haus. Die Unterkunft ist ein idealer Ausgangspunkt f\u00fcr Sommer- und Winterurlaub in S\u00f6lden.\",\"email\":\"info@alte-muehle-soelden.com\",\"telephone\":\"+43 5254 2005\",\"legalName\":\"Pension zur alten M\u00fchle Waldhart KG\",\"foundingDate\":\"1988-12-01\",\"vatID\":\"ATU64562477\",\"numberOfEmployees\":{\"@type\":\"QuantitativeValue\",\"minValue\":\"1\",\"maxValue\":\"10\"}}]}<\/script>\n<!-- \/ Yoast SEO Premium plugin. -->","yoast_head_json":{"title":"Accommodation in S\u00f6lden | Pension \"Zur alten M\u00fchle\"","description":"Accommodation in S\u00f6lden: Rooms with breakfast and apartments with a kitchen in the Pension \"Zur alten M\u00fchle\". An overview of all categories.","robots":{"index":"index","follow":"follow","max-snippet":"max-snippet:-1","max-image-preview":"max-image-preview:large","max-video-preview":"max-video-preview:-1"},"canonical":"https:\/\/www.alte-muehle-soelden.com\/en\/accomodation\/","og_locale":"en_US","og_type":"article","og_title":"Accommodation","og_description":"Accommodation in S\u00f6lden: Rooms with breakfast and apartments with a kitchen in the Pension \"Zur alten M\u00fchle\". An overview of all categories.","og_url":"https:\/\/www.alte-muehle-soelden.com\/en\/accomodation\/","og_site_name":"Pension &quot;Zur alten M\u00fchle&quot; ***","article_publisher":"https:\/\/www.facebook.com\/altemuehlesoelden","article_modified_time":"2026-01-16T21:21:55+00:00","og_image":[{"width":2000,"height":1125,"url":"https:\/\/www.alte-muehle-soelden.com\/wp-content\/uploads\/Zimmer-6.jpg","type":"image\/jpeg"}],"twitter_card":"summary_large_image","schema":{"@context":"https:\/\/schema.org","@graph":[{"@type":"WebPage","@id":"https:\/\/www.alte-muehle-soelden.com\/en\/accomodation\/","url":"https:\/\/www.alte-muehle-soelden.com\/en\/accomodation\/","name":"Accommodation in S\u00f6lden | Pension \"Zur alten M\u00fchle\"","isPartOf":{"@id":"https:\/\/www.alte-muehle-soelden.com\/en\/#website"},"primaryImageOfPage":{"@id":"https:\/\/www.alte-muehle-soelden.com\/en\/accomodation\/#primaryimage"},"image":{"@id":"https:\/\/www.alte-muehle-soelden.com\/en\/accomodation\/#primaryimage"},"thumbnailUrl":"https:\/\/www.alte-muehle-soelden.com\/wp-content\/uploads\/Zimmer-6.jpg","datePublished":"2025-08-07T08:47:51+00:00","dateModified":"2026-01-16T21:21:55+00:00","description":"Accommodation in S\u00f6lden: Rooms with breakfast and apartments with a kitchen in the Pension \"Zur alten M\u00fchle\". An overview of all categories.","breadcrumb":{"@id":"https:\/\/www.alte-muehle-soelden.com\/en\/accomodation\/#breadcrumb"},"inLanguage":"en-US","potentialAction":[{"@type":"ReadAction","target":["https:\/\/www.alte-muehle-soelden.com\/en\/accomodation\/"]}]},{"@type":"ImageObject","inLanguage":"en-US","@id":"https:\/\/www.alte-muehle-soelden.com\/en\/accomodation\/#primaryimage","url":"https:\/\/www.alte-muehle-soelden.com\/wp-content\/uploads\/Zimmer-6.jpg","contentUrl":"https:\/\/www.alte-muehle-soelden.com\/wp-content\/uploads\/Zimmer-6.jpg","width":2000,"height":1125,"caption":"Double Room"},{"@type":"BreadcrumbList","@id":"https:\/\/www.alte-muehle-soelden.com\/en\/accomodation\/#breadcrumb","itemListElement":[{"@type":"ListItem","position":1,"name":"Home","item":"https:\/\/www.alte-muehle-soelden.com\/en\/"},{"@type":"ListItem","position":2,"name":"Accommodation"}]},{"@type":"WebSite","@id":"https:\/\/www.alte-muehle-soelden.com\/en\/#website","url":"https:\/\/www.alte-muehle-soelden.com\/en\/","name":"Pension \"Zur alten M\u00fchle\" ***","description":"Nicht Zuhaus&#039; und doch Daheim...","publisher":{"@id":"https:\/\/www.alte-muehle-soelden.com\/en\/#organization"},"potentialAction":[{"@type":"SearchAction","target":{"@type":"EntryPoint","urlTemplate":"https:\/\/www.alte-muehle-soelden.com\/en\/?s={search_term_string}"},"query-input":{"@type":"PropertyValueSpecification","valueRequired":true,"valueName":"search_term_string"}}],"inLanguage":"en-US"},{"@type":"Organization","@id":"https:\/\/www.alte-muehle-soelden.com\/en\/#organization","name":"Pension \"Zur alten M\u00fchle\"","url":"https:\/\/www.alte-muehle-soelden.com\/en\/","logo":{"@type":"ImageObject","inLanguage":"en-US","@id":"https:\/\/www.alte-muehle-soelden.com\/en\/#\/schema\/logo\/image\/","url":"https:\/\/www.alte-muehle-soelden.com\/wp-content\/uploads\/2025\/08\/Logo-transparent-1.png","contentUrl":"https:\/\/www.alte-muehle-soelden.com\/wp-content\/uploads\/2025\/08\/Logo-transparent-1.png","width":675,"height":675,"caption":"Pension \"Zur alten M\u00fchle\""},"image":{"@id":"https:\/\/www.alte-muehle-soelden.com\/en\/#\/schema\/logo\/image\/"},"sameAs":["https:\/\/www.facebook.com\/altemuehlesoelden","https:\/\/www.instagram.com\/altemuehlesoelden\/"],"description":"Die Pension \"Zur alten M\u00fchle\" ist eine Unterkunft in S\u00f6lden und bietet Zimmer mit Fr\u00fchst\u00fcck sowie Appartements mit K\u00fcche. Die Pension verf\u00fcgt \u00fcber eine Sauna und eine Hausbar und liegt ruhig am Ortsbeginn von S\u00f6lden, mit Skibus und Linienbus direkt vor dem Haus. Die Unterkunft ist ein idealer Ausgangspunkt f\u00fcr Sommer- und Winterurlaub in S\u00f6lden.","email":"info@alte-muehle-soelden.com","telephone":"+43 5254 2005","legalName":"Pension zur alten M\u00fchle Waldhart KG","foundingDate":"1988-12-01","vatID":"ATU64562477","numberOfEmployees":{"@type":"QuantitativeValue","minValue":"1","maxValue":"10"}}]}},"_links":{"self":[{"href":"https:\/\/www.alte-muehle-soelden.com\/en\/wp-json\/wp\/v2\/pages\/363","targetHints":{"allow":["GET"]}}],"collection":[{"href":"https:\/\/www.alte-muehle-soelden.com\/en\/wp-json\/wp\/v2\/pages"}],"about":[{"href":"https:\/\/www.alte-muehle-soelden.com\/en\/wp-json\/wp\/v2\/types\/page"}],"author":[{"embeddable":true,"href":"https:\/\/www.alte-muehle-soelden.com\/en\/wp-json\/wp\/v2\/users\/2"}],"replies":[{"embeddable":true,"href":"https:\/\/www.alte-muehle-soelden.com\/en\/wp-json\/wp\/v2\/comments?post=363"}],"version-history":[{"count":2,"href":"https:\/\/www.alte-muehle-soelden.com\/en\/wp-json\/wp\/v2\/pages\/363\/revisions"}],"predecessor-version":[{"id":564,"href":"https:\/\/www.alte-muehle-soelden.com\/en\/wp-json\/wp\/v2\/pages\/363\/revisions\/564"}],"wp:featuredmedia":[{"embeddable":true,"href":"https:\/\/www.alte-muehle-soelden.com\/en\/wp-json\/wp\/v2\/media\/639"}],"wp:attachment":[{"href":"https:\/\/www.alte-muehle-soelden.com\/en\/wp-json\/wp\/v2\/media?parent=363"}],"curies":[{"name":"wp","href":"https:\/\/api.w.org\/{rel}","templated":true}]}}